{"id":682,"date":"2023-06-13T16:04:06","date_gmt":"2023-06-13T14:04:06","guid":{"rendered":"https:\/\/sestrycz.napokusy.cz\/?page_id=682"},"modified":"2023-09-12T23:05:25","modified_gmt":"2023-09-12T21:05:25","slug":"%d0%b7%d0%b0%d1%8f%d0%b2%d0%b8%d1%82%d0%b8-%d0%b7%d0%b2%d0%be%d1%80%d0%be%d1%82%d0%bd%d0%b8%d0%b9-%d0%b4%d0%b7%d0%b2%d1%96%d0%bd%d0%be%d0%ba","status":"publish","type":"page","link":"https:\/\/www.sestrycz.eu\/uk\/%d0%b7%d0%b0%d1%8f%d0%b2%d0%b8%d1%82%d0%b8-%d0%b7%d0%b2%d0%be%d1%80%d0%be%d1%82%d0%bd%d0%b8%d0%b9-%d0%b4%d0%b7%d0%b2%d1%96%d0%bd%d0%be%d0%ba\/","title":{"rendered":"\u0417\u0410\u042f\u0412\u0418\u0422\u0418 \u0417\u0412\u041e\u0420\u041e\u0422\u041d\u0418\u0419 \u0414\u0417\u0412\u0406\u041d\u041e\u041a"},"content":{"rendered":"\n<div class=\"wp-block-contact-form-7-contact-form-selector\">\n<div class=\"wpcf7 no-js\" id=\"wpcf7-f685-o1\" lang=\"uk\" dir=\"ltr\" data-wpcf7-id=\"685\">\n<div class=\"screen-reader-response\"><p role=\"status\" aria-live=\"polite\" aria-atomic=\"true\"><\/p> <ul><\/ul><\/div>\n<form action=\"\/uk\/wp-json\/wp\/v2\/pages\/682#wpcf7-f685-o1\" method=\"post\" class=\"wpcf7-form init\" aria-label=\"\u041a\u043e\u043d\u0442\u0430\u043a\u0442\u043d\u0430 \u0444\u043e\u0440\u043c\u0430\" enctype=\"multipart\/form-data\" novalidate=\"novalidate\" data-status=\"init\">\n<fieldset class=\"hidden-fields-container\"><input type=\"hidden\" name=\"_wpcf7\" value=\"685\" \/><input type=\"hidden\" name=\"_wpcf7_version\" value=\"6.1.5\" \/><input type=\"hidden\" name=\"_wpcf7_locale\" value=\"uk\" \/><input type=\"hidden\" name=\"_wpcf7_unit_tag\" value=\"wpcf7-f685-o1\" \/><input type=\"hidden\" name=\"_wpcf7_container_post\" value=\"0\" \/><input type=\"hidden\" name=\"_wpcf7_posted_data_hash\" value=\"\" \/><input type=\"hidden\" name=\"_wpcf7dtx_version\" value=\"5.0.5\" \/><input type=\"hidden\" name=\"_wpcf7_recaptcha_response\" value=\"\" \/>\n<\/fieldset>\n<div class=\"row\">\n\t<div class=\"col-12 col-md-6\">\n\t\t<p><label for=\"jmeno\"> Jm\u00e9no <sup>*<\/sup><\/label><br \/>\n<span class=\"wpcf7-form-control-wrap\" data-name=\"jmeno\"><input size=\"40\" maxlength=\"400\" class=\"wpcf7-form-control wpcf7-text wpcf7-validates-as-required\" id=\"jmeno\" aria-required=\"true\" aria-invalid=\"false\" value=\"\" type=\"text\" name=\"jmeno\" \/><\/span>\n\t\t<\/p>\n\t\t<p><label for=\"email\"> E-mail <sup>*<\/sup><\/label><br \/>\n<span class=\"wpcf7-form-control-wrap\" data-name=\"email\"><input size=\"40\" maxlength=\"400\" class=\"wpcf7-form-control wpcf7-email wpcf7-validates-as-required wpcf7-text wpcf7-validates-as-email\" id=\"email\" aria-required=\"true\" aria-invalid=\"false\" value=\"\" type=\"email\" name=\"email\" \/><\/span>\n\t\t<\/p>\n\t\t<p><label for=\"zivotopis\"> Nahr\u00e1t CV <\/label><br \/>\n<span class=\"wpcf7-form-control-wrap\" data-name=\"zivotopis\"><input size=\"40\" class=\"wpcf7-form-control wpcf7-file\" id=\"zivotopis\" accept=\"audio\/*,video\/*,image\/*\" aria-invalid=\"false\" type=\"file\" name=\"zivotopis\" \/><\/span>\n\t\t<\/p>\n\t<\/div>\n\t<div class=\"col-12 col-md-6\">\n\t\t<p><label for=\"pozmaka\"> Zpr\u00e1va <\/label><br \/>\n<span class=\"wpcf7-form-control-wrap\" data-name=\"poznamka\"><textarea cols=\"40\" rows=\"10\" maxlength=\"2000\" class=\"wpcf7-form-control wpcf7-textarea\" id=\"poznamka\" aria-invalid=\"false\" name=\"poznamka\"><\/textarea><\/span>\n\t\t<\/p>\n\t<\/div>\n\t<div class=\"col-12\">\n\t\t<p><span class=\"wpcf7-form-control-wrap\" data-name=\"souhlas\"><span class=\"wpcf7-form-control wpcf7-acceptance\"><span class=\"wpcf7-list-item\"><label><input type=\"checkbox\" name=\"souhlas\" value=\"1\" aria-invalid=\"false\" \/><span class=\"wpcf7-list-item-label\">Souhlas\u00edm se zpracov\u00e1n\u00edm osobn\u00edch \u00fadaj\u016f. V\u00edce informac\u00ed najdete <a href=\"\/podminky-ochrany-osobnich-udaju\/\" target=\"_blank\">zde<\/a>.<\/span><\/label><\/span><\/span><\/span><br \/>\n<input class=\"wpcf7-form-control wpcf7-submit has-spinner\" type=\"submit\" value=\"Odeslat\" \/>\n\t\t<\/p>\n\t<\/div>\n<\/div><div class=\"wpcf7-response-output\" aria-hidden=\"true\"><\/div>\n<\/form>\n<\/div>\n<\/div>\n","protected":false},"excerpt":{"rendered":"","protected":false},"author":1,"featured_media":0,"parent":0,"menu_order":0,"comment_status":"closed","ping_status":"closed","template":"","meta":{"footnotes":""},"class_list":["post-682","page","type-page","status-publish","hentry"],"yoast_head":"<!-- This site is optimized with the Yoast SEO plugin v24.0 - https:\/\/yoast.com\/wordpress\/plugins\/seo\/ -->\n<title>\u0417\u0410\u042f\u0412\u0418\u0422\u0418 \u0417\u0412\u041e\u0420\u041e\u0422\u041d\u0418\u0419 \u0414\u0417\u0412\u0406\u041d\u041e\u041a - sestrycz.eu - Agentura pr\u00e1ce pro zdravotn\u00edky<\/title>\n<meta name=\"robots\" content=\"index, follow, max-snippet:-1, max-image-preview:large, max-video-preview:-1\" \/>\n<link rel=\"canonical\" href=\"https:\/\/www.sestrycz.eu\/uk\/%d0%b7%d0%b0%d1%8f%d0%b2%d0%b8%d1%82%d0%b8-%d0%b7%d0%b2%d0%be%d1%80%d0%be%d1%82%d0%bd%d0%b8%d0%b9-%d0%b4%d0%b7%d0%b2%d1%96%d0%bd%d0%be%d0%ba\/\" \/>\n<meta property=\"og:locale\" content=\"uk_UA\" \/>\n<meta property=\"og:type\" content=\"article\" \/>\n<meta property=\"og:title\" content=\"\u0417\u0410\u042f\u0412\u0418\u0422\u0418 \u0417\u0412\u041e\u0420\u041e\u0422\u041d\u0418\u0419 \u0414\u0417\u0412\u0406\u041d\u041e\u041a - sestrycz.eu - Agentura pr\u00e1ce pro zdravotn\u00edky\" \/>\n<meta property=\"og:url\" content=\"https:\/\/www.sestrycz.eu\/uk\/%d0%b7%d0%b0%d1%8f%d0%b2%d0%b8%d1%82%d0%b8-%d0%b7%d0%b2%d0%be%d1%80%d0%be%d1%82%d0%bd%d0%b8%d0%b9-%d0%b4%d0%b7%d0%b2%d1%96%d0%bd%d0%be%d0%ba\/\" \/>\n<meta property=\"og:site_name\" content=\"sestrycz.eu - Agentura pr\u00e1ce pro zdravotn\u00edky\" \/>\n<meta property=\"article:modified_time\" content=\"2023-09-12T21:05:25+00:00\" \/>\n<meta name=\"twitter:card\" content=\"summary_large_image\" \/>\n<meta name=\"twitter:label1\" content=\"\u041f\u0440\u0438\u0431\u043b. \u0447\u0430\u0441 \u0447\u0438\u0442\u0430\u043d\u043d\u044f\" \/>\n\t<meta name=\"twitter:data1\" content=\"1 \u0445\u0432\u0438\u043b\u0438\u043d\u0430\" \/>\n<script type=\"application\/ld+json\" class=\"yoast-schema-graph\">{\"@context\":\"https:\/\/schema.org\",\"@graph\":[{\"@type\":\"WebPage\",\"@id\":\"https:\/\/www.sestrycz.eu\/uk\/%d0%b7%d0%b0%d1%8f%d0%b2%d0%b8%d1%82%d0%b8-%d0%b7%d0%b2%d0%be%d1%80%d0%be%d1%82%d0%bd%d0%b8%d0%b9-%d0%b4%d0%b7%d0%b2%d1%96%d0%bd%d0%be%d0%ba\/\",\"url\":\"https:\/\/www.sestrycz.eu\/uk\/%d0%b7%d0%b0%d1%8f%d0%b2%d0%b8%d1%82%d0%b8-%d0%b7%d0%b2%d0%be%d1%80%d0%be%d1%82%d0%bd%d0%b8%d0%b9-%d0%b4%d0%b7%d0%b2%d1%96%d0%bd%d0%be%d0%ba\/\",\"name\":\"\u0417\u0410\u042f\u0412\u0418\u0422\u0418 \u0417\u0412\u041e\u0420\u041e\u0422\u041d\u0418\u0419 \u0414\u0417\u0412\u0406\u041d\u041e\u041a - sestrycz.eu - Agentura pr\u00e1ce pro zdravotn\u00edky\",\"isPartOf\":{\"@id\":\"https:\/\/www.sestrycz.eu\/uk\/#website\"},\"datePublished\":\"2023-06-13T14:04:06+00:00\",\"dateModified\":\"2023-09-12T21:05:25+00:00\",\"breadcrumb\":{\"@id\":\"https:\/\/www.sestrycz.eu\/uk\/%d0%b7%d0%b0%d1%8f%d0%b2%d0%b8%d1%82%d0%b8-%d0%b7%d0%b2%d0%be%d1%80%d0%be%d1%82%d0%bd%d0%b8%d0%b9-%d0%b4%d0%b7%d0%b2%d1%96%d0%bd%d0%be%d0%ba\/#breadcrumb\"},\"inLanguage\":\"uk\",\"potentialAction\":[{\"@type\":\"ReadAction\",\"target\":[\"https:\/\/www.sestrycz.eu\/uk\/%d0%b7%d0%b0%d1%8f%d0%b2%d0%b8%d1%82%d0%b8-%d0%b7%d0%b2%d0%be%d1%80%d0%be%d1%82%d0%bd%d0%b8%d0%b9-%d0%b4%d0%b7%d0%b2%d1%96%d0%bd%d0%be%d0%ba\/\"]}]},{\"@type\":\"BreadcrumbList\",\"@id\":\"https:\/\/www.sestrycz.eu\/uk\/%d0%b7%d0%b0%d1%8f%d0%b2%d0%b8%d1%82%d0%b8-%d0%b7%d0%b2%d0%be%d1%80%d0%be%d1%82%d0%bd%d0%b8%d0%b9-%d0%b4%d0%b7%d0%b2%d1%96%d0%bd%d0%be%d0%ba\/#breadcrumb\",\"itemListElement\":[{\"@type\":\"ListItem\",\"position\":1,\"name\":\"Dom\u016f\",\"item\":\"https:\/\/www.sestrycz.eu\/uk\/\"},{\"@type\":\"ListItem\",\"position\":2,\"name\":\"\u0417\u0410\u042f\u0412\u0418\u0422\u0418 \u0417\u0412\u041e\u0420\u041e\u0422\u041d\u0418\u0419 \u0414\u0417\u0412\u0406\u041d\u041e\u041a\"}]},{\"@type\":\"WebSite\",\"@id\":\"https:\/\/www.sestrycz.eu\/uk\/#website\",\"url\":\"https:\/\/www.sestrycz.eu\/uk\/\",\"name\":\"sestrycz.eu - Agentura pr\u00e1ce pro zdravotn\u00edky\",\"description\":\"Agentura nab\u00edzej\u00edc\u00ed pr\u00e1ci zdravotn\u00edk\u016fm v \u010cR v ov\u011b\u0159en\u00fdch zdravotnick\u00fdch za\u0159\u00edzen\u00edch.\",\"publisher\":{\"@id\":\"https:\/\/www.sestrycz.eu\/uk\/#organization\"},\"potentialAction\":[{\"@type\":\"SearchAction\",\"target\":{\"@type\":\"EntryPoint\",\"urlTemplate\":\"https:\/\/www.sestrycz.eu\/uk\/?s={search_term_string}\"},\"query-input\":{\"@type\":\"PropertyValueSpecification\",\"valueRequired\":true,\"valueName\":\"search_term_string\"}}],\"inLanguage\":\"uk\"},{\"@type\":\"Organization\",\"@id\":\"https:\/\/www.sestrycz.eu\/uk\/#organization\",\"name\":\"Sestrycz\",\"url\":\"https:\/\/www.sestrycz.eu\/uk\/\",\"logo\":{\"@type\":\"ImageObject\",\"inLanguage\":\"uk\",\"@id\":\"https:\/\/www.sestrycz.eu\/uk\/#\/schema\/logo\/image\/\",\"url\":\"https:\/\/www.sestrycz.eu\/wp-content\/uploads\/2020\/06\/sestrycz-logo.png\",\"contentUrl\":\"https:\/\/www.sestrycz.eu\/wp-content\/uploads\/2020\/06\/sestrycz-logo.png\",\"width\":180,\"height\":39,\"caption\":\"Sestrycz\"},\"image\":{\"@id\":\"https:\/\/www.sestrycz.eu\/uk\/#\/schema\/logo\/image\/\"}}]}<\/script>\n<!-- \/ Yoast SEO plugin. -->","yoast_head_json":{"title":"\u0417\u0410\u042f\u0412\u0418\u0422\u0418 \u0417\u0412\u041e\u0420\u041e\u0422\u041d\u0418\u0419 \u0414\u0417\u0412\u0406\u041d\u041e\u041a - sestrycz.eu - Agentura pr\u00e1ce pro zdravotn\u00edky","robots":{"index":"index","follow":"follow","max-snippet":"max-snippet:-1","max-image-preview":"max-image-preview:large","max-video-preview":"max-video-preview:-1"},"canonical":"https:\/\/www.sestrycz.eu\/uk\/%d0%b7%d0%b0%d1%8f%d0%b2%d0%b8%d1%82%d0%b8-%d0%b7%d0%b2%d0%be%d1%80%d0%be%d1%82%d0%bd%d0%b8%d0%b9-%d0%b4%d0%b7%d0%b2%d1%96%d0%bd%d0%be%d0%ba\/","og_locale":"uk_UA","og_type":"article","og_title":"\u0417\u0410\u042f\u0412\u0418\u0422\u0418 \u0417\u0412\u041e\u0420\u041e\u0422\u041d\u0418\u0419 \u0414\u0417\u0412\u0406\u041d\u041e\u041a - sestrycz.eu - Agentura pr\u00e1ce pro zdravotn\u00edky","og_url":"https:\/\/www.sestrycz.eu\/uk\/%d0%b7%d0%b0%d1%8f%d0%b2%d0%b8%d1%82%d0%b8-%d0%b7%d0%b2%d0%be%d1%80%d0%be%d1%82%d0%bd%d0%b8%d0%b9-%d0%b4%d0%b7%d0%b2%d1%96%d0%bd%d0%be%d0%ba\/","og_site_name":"sestrycz.eu - Agentura pr\u00e1ce pro zdravotn\u00edky","article_modified_time":"2023-09-12T21:05:25+00:00","twitter_card":"summary_large_image","twitter_misc":{"\u041f\u0440\u0438\u0431\u043b. \u0447\u0430\u0441 \u0447\u0438\u0442\u0430\u043d\u043d\u044f":"1 \u0445\u0432\u0438\u043b\u0438\u043d\u0430"},"schema":{"@context":"https:\/\/schema.org","@graph":[{"@type":"WebPage","@id":"https:\/\/www.sestrycz.eu\/uk\/%d0%b7%d0%b0%d1%8f%d0%b2%d0%b8%d1%82%d0%b8-%d0%b7%d0%b2%d0%be%d1%80%d0%be%d1%82%d0%bd%d0%b8%d0%b9-%d0%b4%d0%b7%d0%b2%d1%96%d0%bd%d0%be%d0%ba\/","url":"https:\/\/www.sestrycz.eu\/uk\/%d0%b7%d0%b0%d1%8f%d0%b2%d0%b8%d1%82%d0%b8-%d0%b7%d0%b2%d0%be%d1%80%d0%be%d1%82%d0%bd%d0%b8%d0%b9-%d0%b4%d0%b7%d0%b2%d1%96%d0%bd%d0%be%d0%ba\/","name":"\u0417\u0410\u042f\u0412\u0418\u0422\u0418 \u0417\u0412\u041e\u0420\u041e\u0422\u041d\u0418\u0419 \u0414\u0417\u0412\u0406\u041d\u041e\u041a - sestrycz.eu - Agentura pr\u00e1ce pro zdravotn\u00edky","isPartOf":{"@id":"https:\/\/www.sestrycz.eu\/uk\/#website"},"datePublished":"2023-06-13T14:04:06+00:00","dateModified":"2023-09-12T21:05:25+00:00","breadcrumb":{"@id":"https:\/\/www.sestrycz.eu\/uk\/%d0%b7%d0%b0%d1%8f%d0%b2%d0%b8%d1%82%d0%b8-%d0%b7%d0%b2%d0%be%d1%80%d0%be%d1%82%d0%bd%d0%b8%d0%b9-%d0%b4%d0%b7%d0%b2%d1%96%d0%bd%d0%be%d0%ba\/#breadcrumb"},"inLanguage":"uk","potentialAction":[{"@type":"ReadAction","target":["https:\/\/www.sestrycz.eu\/uk\/%d0%b7%d0%b0%d1%8f%d0%b2%d0%b8%d1%82%d0%b8-%d0%b7%d0%b2%d0%be%d1%80%d0%be%d1%82%d0%bd%d0%b8%d0%b9-%d0%b4%d0%b7%d0%b2%d1%96%d0%bd%d0%be%d0%ba\/"]}]},{"@type":"BreadcrumbList","@id":"https:\/\/www.sestrycz.eu\/uk\/%d0%b7%d0%b0%d1%8f%d0%b2%d0%b8%d1%82%d0%b8-%d0%b7%d0%b2%d0%be%d1%80%d0%be%d1%82%d0%bd%d0%b8%d0%b9-%d0%b4%d0%b7%d0%b2%d1%96%d0%bd%d0%be%d0%ba\/#breadcrumb","itemListElement":[{"@type":"ListItem","position":1,"name":"Dom\u016f","item":"https:\/\/www.sestrycz.eu\/uk\/"},{"@type":"ListItem","position":2,"name":"\u0417\u0410\u042f\u0412\u0418\u0422\u0418 \u0417\u0412\u041e\u0420\u041e\u0422\u041d\u0418\u0419 \u0414\u0417\u0412\u0406\u041d\u041e\u041a"}]},{"@type":"WebSite","@id":"https:\/\/www.sestrycz.eu\/uk\/#website","url":"https:\/\/www.sestrycz.eu\/uk\/","name":"sestrycz.eu - Agentura pr\u00e1ce pro zdravotn\u00edky","description":"Agentura nab\u00edzej\u00edc\u00ed pr\u00e1ci zdravotn\u00edk\u016fm v \u010cR v ov\u011b\u0159en\u00fdch zdravotnick\u00fdch za\u0159\u00edzen\u00edch.","publisher":{"@id":"https:\/\/www.sestrycz.eu\/uk\/#organization"},"potentialAction":[{"@type":"SearchAction","target":{"@type":"EntryPoint","urlTemplate":"https:\/\/www.sestrycz.eu\/uk\/?s={search_term_string}"},"query-input":{"@type":"PropertyValueSpecification","valueRequired":true,"valueName":"search_term_string"}}],"inLanguage":"uk"},{"@type":"Organization","@id":"https:\/\/www.sestrycz.eu\/uk\/#organization","name":"Sestrycz","url":"https:\/\/www.sestrycz.eu\/uk\/","logo":{"@type":"ImageObject","inLanguage":"uk","@id":"https:\/\/www.sestrycz.eu\/uk\/#\/schema\/logo\/image\/","url":"https:\/\/www.sestrycz.eu\/wp-content\/uploads\/2020\/06\/sestrycz-logo.png","contentUrl":"https:\/\/www.sestrycz.eu\/wp-content\/uploads\/2020\/06\/sestrycz-logo.png","width":180,"height":39,"caption":"Sestrycz"},"image":{"@id":"https:\/\/www.sestrycz.eu\/uk\/#\/schema\/logo\/image\/"}}]}},"_links":{"self":[{"href":"https:\/\/www.sestrycz.eu\/uk\/wp-json\/wp\/v2\/pages\/682","targetHints":{"allow":["GET"]}}],"collection":[{"href":"https:\/\/www.sestrycz.eu\/uk\/wp-json\/wp\/v2\/pages"}],"about":[{"href":"https:\/\/www.sestrycz.eu\/uk\/wp-json\/wp\/v2\/types\/page"}],"author":[{"embeddable":true,"href":"https:\/\/www.sestrycz.eu\/uk\/wp-json\/wp\/v2\/users\/1"}],"replies":[{"embeddable":true,"href":"https:\/\/www.sestrycz.eu\/uk\/wp-json\/wp\/v2\/comments?post=682"}],"version-history":[{"count":1,"href":"https:\/\/www.sestrycz.eu\/uk\/wp-json\/wp\/v2\/pages\/682\/revisions"}],"predecessor-version":[{"id":683,"href":"https:\/\/www.sestrycz.eu\/uk\/wp-json\/wp\/v2\/pages\/682\/revisions\/683"}],"wp:attachment":[{"href":"https:\/\/www.sestrycz.eu\/uk\/wp-json\/wp\/v2\/media?parent=682"}],"curies":[{"name":"wp","href":"https:\/\/api.w.org\/{rel}","templated":true}]}}