{"id":658,"date":"2022-10-09T19:22:03","date_gmt":"2022-10-09T17:22:03","guid":{"rendered":"https:\/\/sestrycz.napokusy.cz\/?page_id=658"},"modified":"2023-09-12T18:01:45","modified_gmt":"2023-09-12T16:01:45","slug":"%d0%ba%d0%bb%d1%96%d1%94%d0%bd%d1%82%d0%b8","status":"publish","type":"page","link":"https:\/\/www.sestrycz.eu\/uk\/%d0%ba%d0%bb%d1%96%d1%94%d0%bd%d1%82%d0%b8\/","title":{"rendered":"\u041a\u043b\u0456\u0454\u043d\u0442\u0438"},"content":{"rendered":"\n<h2 class=\"wp-block-heading\"><strong>\u041f\u0420\u041e\u0421\u0418\u0422\u042c \u0417\u0412\u041e\u0420\u041e\u0422\u041d\u0418\u0419 \u0414\u0417\u0412\u041e\u041d\u041e\u041a<\/strong><\/h2>\n\n\n\n<div class=\"wp-block-contact-form-7-contact-form-selector\">\n<div class=\"wpcf7 no-js\" id=\"wpcf7-f662-o1\" lang=\"uk\" dir=\"ltr\" data-wpcf7-id=\"662\">\n<div class=\"screen-reader-response\"><p role=\"status\" aria-live=\"polite\" aria-atomic=\"true\"><\/p> <ul><\/ul><\/div>\n<form action=\"\/uk\/wp-json\/wp\/v2\/pages\/658#wpcf7-f662-o1\" method=\"post\" class=\"wpcf7-form init\" aria-label=\"\u041a\u043e\u043d\u0442\u0430\u043a\u0442\u043d\u0430 \u0444\u043e\u0440\u043c\u0430\" novalidate=\"novalidate\" data-status=\"init\">\n<fieldset class=\"hidden-fields-container\"><input type=\"hidden\" name=\"_wpcf7\" value=\"662\" \/><input type=\"hidden\" name=\"_wpcf7_version\" value=\"6.1.5\" \/><input type=\"hidden\" name=\"_wpcf7_locale\" value=\"uk\" \/><input type=\"hidden\" name=\"_wpcf7_unit_tag\" value=\"wpcf7-f662-o1\" \/><input type=\"hidden\" name=\"_wpcf7_container_post\" value=\"0\" \/><input type=\"hidden\" name=\"_wpcf7_posted_data_hash\" value=\"\" \/><input type=\"hidden\" name=\"_wpcf7dtx_version\" value=\"5.0.5\" \/><input type=\"hidden\" name=\"_wpcf7_recaptcha_response\" value=\"\" \/>\n<\/fieldset>\n<div class=\"row\">\n\t<div class=\"col-12\">\n\t\t<p><label for=\"jmeno\"> Jm\u00e9no <sup>*<\/sup><\/label><br \/>\n<span class=\"wpcf7-form-control-wrap\" data-name=\"jmeno\"><input size=\"40\" maxlength=\"400\" class=\"wpcf7-form-control wpcf7-text wpcf7-validates-as-required\" id=\"jmeno\" aria-required=\"true\" aria-invalid=\"false\" value=\"\" type=\"text\" name=\"jmeno\" \/><\/span>\n\t\t<\/p>\n\t\t<p><label for=\"telefon\"> Telefon <sup>*<\/sup><\/label><br \/>\n<span class=\"wpcf7-form-control-wrap\" data-name=\"telefon\"><input size=\"40\" maxlength=\"400\" class=\"wpcf7-form-control wpcf7-tel wpcf7-validates-as-required wpcf7-text wpcf7-validates-as-tel\" id=\"telefon\" aria-required=\"true\" aria-invalid=\"false\" value=\"\" type=\"tel\" name=\"telefon\" \/><\/span>\n\t\t<\/p>\n\t\t<p><label for=\"email\"> E-mail <sup>*<\/sup><\/label><br \/>\n<span class=\"wpcf7-form-control-wrap\" data-name=\"email\"><input size=\"40\" maxlength=\"400\" class=\"wpcf7-form-control wpcf7-email wpcf7-validates-as-required wpcf7-text wpcf7-validates-as-email\" id=\"email\" aria-required=\"true\" aria-invalid=\"false\" value=\"\" type=\"email\" name=\"email\" \/><\/span>\n\t\t<\/p>\n\t\t<p><label for=\"pozmaka\">Zpr\u00e1va<\/label><br \/>\n<span class=\"wpcf7-form-control-wrap\" data-name=\"zprava\"><textarea cols=\"40\" rows=\"10\" maxlength=\"2000\" class=\"wpcf7-form-control wpcf7-textarea\" id=\"zprava\" aria-invalid=\"false\" name=\"zprava\"><\/textarea><\/span>\n\t\t<\/p>\n\t<\/div>\n\t<div class=\"col-12\">\n\t\t<p><span class=\"wpcf7-form-control-wrap\" data-name=\"souhlas\"><span class=\"wpcf7-form-control wpcf7-acceptance\"><span class=\"wpcf7-list-item\"><label><input type=\"checkbox\" name=\"souhlas\" value=\"1\" aria-invalid=\"false\" \/><span class=\"wpcf7-list-item-label\">Souhlas\u00edm se zpracov\u00e1n\u00edm osobn\u00edch \u00fadaj\u016f. V\u00edce informac\u00ed najdete <a href=\"\/podminky-ochrany-osobnich-udaju\/\" target=\"_blank\">zde<\/a>.<\/span><\/label><\/span><\/span><\/span><br \/>\n<input class=\"wpcf7-form-control wpcf7-submit has-spinner\" type=\"submit\" value=\"Odeslat\" \/>\n\t\t<\/p>\n\t<\/div>\n<\/div><div class=\"wpcf7-response-output\" aria-hidden=\"true\"><\/div>\n<\/form>\n<\/div>\n<\/div>\n\n\n\n<h2 class=\"wp-block-heading\"><strong>\u041f\u041e\u0412\u0406\u0414\u041e\u041c\u041b\u042e\u0419\u0422\u0415 \u041f\u0420\u041e \u0421\u0412\u041e\u0407 \u0412\u0410\u041a\u0410\u041d\u0421\u0406\u0407<\/strong><\/h2>\n\n\n\n<p>\u042f\u043a\u0449\u043e \u0432\u0438 \u0454 \u0454\u0432\u0440\u043e\u043f\u0435\u0439\u0441\u044c\u043a\u043e\u044e \u0430\u0433\u0435\u043d\u0446\u0456\u0454\u044e \u0442\u0430 \u0445\u043e\u0447\u0435\u0442\u0435 \u043f\u0440\u0435\u0434\u0441\u0442\u0430\u0432\u0438\u0442\u0438 \u0441\u0435\u0431\u0435 \u0442\u0430 \u0441\u0432\u043e\u0457\u0445 \u043a\u0430\u043d\u0434\u0438\u0434\u0430\u0442\u0456\u0432 Sestrycz \u0456 \u0440\u043e\u0437\u0434\u0456\u043b\u0438\u0442\u0438 \u043d\u0430\u0448\u0456 \u0446\u0456\u043d\u043d\u043e\u0441\u0442\u0456 \u043f\u0440\u043e\u0444\u0435\u0441\u0456\u043e\u043d\u0430\u043b\u0456\u0437\u043c\u0443, \u0432\u0456\u0434\u043f\u043e\u0432\u0456\u0434\u043d\u043e\u0441\u0442\u0456 \u0442\u0430 \u043d\u0430\u0434\u0456\u0439\u043d\u043e\u0441\u0442\u0456, \u043c\u0438 \u0445\u043e\u0442\u0456\u043b\u0438 \u0431 \u043f\u043e\u0447\u0443\u0442\u0438 \u0432\u0430\u0448\u0443 \u0434\u0443\u043c\u043a\u0443.<\/p>\n\n\n\n<div class=\"wp-block-contact-form-7-contact-form-selector\">\n<div class=\"wpcf7 no-js\" id=\"wpcf7-f664-o2\" lang=\"uk\" dir=\"ltr\" data-wpcf7-id=\"664\">\n<div class=\"screen-reader-response\"><p role=\"status\" aria-live=\"polite\" aria-atomic=\"true\"><\/p> <ul><\/ul><\/div>\n<form action=\"\/uk\/wp-json\/wp\/v2\/pages\/658#wpcf7-f664-o2\" method=\"post\" class=\"wpcf7-form init\" aria-label=\"\u041a\u043e\u043d\u0442\u0430\u043a\u0442\u043d\u0430 \u0444\u043e\u0440\u043c\u0430\" novalidate=\"novalidate\" data-status=\"init\">\n<fieldset class=\"hidden-fields-container\"><input type=\"hidden\" name=\"_wpcf7\" value=\"664\" \/><input type=\"hidden\" name=\"_wpcf7_version\" value=\"6.1.5\" \/><input type=\"hidden\" name=\"_wpcf7_locale\" value=\"uk\" \/><input type=\"hidden\" name=\"_wpcf7_unit_tag\" value=\"wpcf7-f664-o2\" \/><input type=\"hidden\" name=\"_wpcf7_container_post\" value=\"0\" \/><input type=\"hidden\" name=\"_wpcf7_posted_data_hash\" value=\"\" \/><input type=\"hidden\" name=\"_wpcf7dtx_version\" value=\"5.0.5\" \/><input type=\"hidden\" name=\"_wpcf7_recaptcha_response\" value=\"\" \/>\n<\/fieldset>\n<div class=\"row\">\n\t<div class=\"col-12 form-title\">\n\t\t<p>VA\u0160E \u00daDAJE:\n\t\t<\/p>\n\t<\/div>\n\t<div class=\"col-12 col-md-6\">\n\t\t<p><label for=\"jmeno\"> Jm\u00e9no: <sup>*<\/sup><\/label><br \/>\n<span class=\"wpcf7-form-control-wrap\" data-name=\"jmeno\"><input size=\"40\" maxlength=\"400\" class=\"wpcf7-form-control wpcf7-text wpcf7-validates-as-required\" aria-required=\"true\" aria-invalid=\"false\" value=\"\" type=\"text\" name=\"jmeno\" \/><\/span>\n\t\t<\/p>\n\t\t<p><label for=\"nemocnice\"> Firma <sup>*<\/sup><\/label><br \/>\n<span class=\"wpcf7-form-control-wrap\" data-name=\"nemocnice\"><input size=\"40\" maxlength=\"400\" class=\"wpcf7-form-control wpcf7-text wpcf7-validates-as-required\" id=\"nemocnice\" aria-required=\"true\" aria-invalid=\"false\" value=\"\" type=\"text\" name=\"nemocnice\" \/><\/span>\n\t\t<\/p>\n\t<\/div>\n\t<div class=\"col-12 col-md-6\">\n\t\t<p><label for=\"telefon\"> Telefon: <sup>*<\/sup><\/label><br \/>\n<span class=\"wpcf7-form-control-wrap\" data-name=\"telefon\"><input size=\"40\" maxlength=\"400\" class=\"wpcf7-form-control wpcf7-tel wpcf7-validates-as-required wpcf7-text wpcf7-validates-as-tel\" aria-required=\"true\" aria-invalid=\"false\" value=\"\" type=\"tel\" name=\"telefon\" \/><\/span>\n\t\t<\/p>\n\t\t<p><label for=\"email\"> E-mail: <sup>*<\/sup><\/label><br \/>\n<span class=\"wpcf7-form-control-wrap\" data-name=\"email\"><input size=\"40\" maxlength=\"400\" class=\"wpcf7-form-control wpcf7-email wpcf7-validates-as-required wpcf7-text wpcf7-validates-as-email\" aria-required=\"true\" aria-invalid=\"false\" value=\"\" type=\"email\" name=\"email\" \/><\/span>\n\t\t<\/p>\n\t<\/div>\n\t<div class=\"col-12 form-title\">\n\t\t<p>PODROBNOSTI O VOLN\u00c9M M\u00cdST\u011a:\n\t\t<\/p>\n\t<\/div>\n\t<div class=\"col-12 col-md-6\">\n\t\t<p><label for=\"job-title\"> Pracovn\u00ed pozice: <\/label><br \/>\n<span class=\"wpcf7-form-control-wrap\" data-name=\"job-title\"><input size=\"40\" maxlength=\"400\" class=\"wpcf7-form-control wpcf7-text\" id=\"job-title\" aria-invalid=\"false\" value=\"\" type=\"text\" name=\"job-title\" \/><\/span>\n\t\t<\/p>\n\t\t<p><label for=\"type-of-vacany\">Typ voln\u00e9ho m\u00edsta:<\/label><br \/>\n<span class=\"wpcf7-form-control-wrap\" data-name=\"type-of-vacancy\"><select class=\"wpcf7-form-control wpcf7-select\" id=\"type-of-vacancy\" aria-invalid=\"false\" name=\"type-of-vacancy\"><option value=\"HPP\">HPP<\/option><option value=\"Dohoda\">Dohoda<\/option><option value=\"Prozat\u00edmn\u00ed\">Prozat\u00edmn\u00ed<\/option><\/select><\/span><br \/>\n<label for=\"industry-sector\">Obor:<\/label><br \/>\n<span class=\"wpcf7-form-control-wrap\" data-name=\"industry-sector\"><input size=\"40\" maxlength=\"400\" class=\"wpcf7-form-control wpcf7-text\" id=\"industry-sector\" aria-invalid=\"false\" value=\"\" type=\"text\" name=\"industry-sector\" \/><\/span>\n\t\t<\/p>\n\t<\/div>\n\t<div class=\"col-12 col-md-6\">\n\t\t<p><label for=\"location\">Um\u00edst\u011bn\u00ed: <\/label><br \/>\n<span class=\"wpcf7-form-control-wrap\" data-name=\"location\"><input size=\"40\" maxlength=\"400\" class=\"wpcf7-form-control wpcf7-text\" id=\"location\" aria-invalid=\"false\" value=\"\" type=\"text\" name=\"location\" \/><\/span>\n\t\t<\/p>\n\t\t<p><label for=\"salary-range\">Rozsah plat\u016f: <\/label><br \/>\n<span class=\"wpcf7-form-control-wrap\" data-name=\"salary-range\"><input size=\"40\" maxlength=\"400\" class=\"wpcf7-form-control wpcf7-text\" id=\"salary-range\" aria-invalid=\"false\" value=\"\" type=\"text\" name=\"salary-range\" \/><\/span>\n\t\t<\/p>\n\t\t<p><label for=\"benefits\">V\u00fdhody: <\/label><br \/>\n<span class=\"wpcf7-form-control-wrap\" data-name=\"benefits\"><input size=\"40\" maxlength=\"400\" class=\"wpcf7-form-control wpcf7-text\" id=\"benefits\" aria-invalid=\"false\" value=\"\" type=\"text\" name=\"benefits\" \/><\/span>\n\t\t<\/p>\n\t<\/div>\n\t<div class=\"col-12 col-md-6\">\n\t\t<p><label for=\"pozmaka\"> Popis pozice: <\/label><br \/>\n<span class=\"wpcf7-form-control-wrap\" data-name=\"poznamka\"><textarea cols=\"40\" rows=\"10\" maxlength=\"2000\" class=\"wpcf7-form-control wpcf7-textarea\" id=\"poznamka\" aria-invalid=\"false\" name=\"poznamka\"><\/textarea><\/span>\n\t\t<\/p>\n\t<\/div>\n\t<div class=\"col-12\">\n\t\t<p><span class=\"wpcf7-form-control-wrap\" data-name=\"souhlas\"><span class=\"wpcf7-form-control wpcf7-acceptance\"><span class=\"wpcf7-list-item\"><label><input type=\"checkbox\" name=\"souhlas\" value=\"1\" aria-invalid=\"false\" \/><span class=\"wpcf7-list-item-label\">Souhlas\u00edm se zpracov\u00e1n\u00edm osobn\u00edch \u00fadaj\u016f. V\u00edce informac\u00ed najdete  <a href=\"\/podminky-ochrany-osobnich-udaju\/\" target=\"_blank\">zde<\/a>.<\/span><\/label><\/span><\/span><\/span><br \/>\n<input class=\"wpcf7-form-control wpcf7-submit has-spinner\" type=\"submit\" value=\"Odeslat\" \/>\n\t\t<\/p>\n\t<\/div>\n<\/div><div class=\"wpcf7-response-output\" aria-hidden=\"true\"><\/div>\n<\/form>\n<\/div>\n<\/div>\n\n\n\n<p><\/p>\n","protected":false},"excerpt":{"rendered":"<p>\u041f\u0420\u041e\u0421\u0418\u0422\u042c \u0417\u0412\u041e\u0420\u041e\u0422\u041d\u0418\u0419 \u0414\u0417\u0412\u041e\u041d\u041e\u041a \u041f\u041e\u0412\u0406\u0414\u041e\u041c\u041b\u042e\u0419\u0422\u0415 \u041f\u0420\u041e \u0421\u0412\u041e\u0407 \u0412\u0410\u041a\u0410\u041d\u0421\u0406\u0407 \u042f\u043a\u0449\u043e \u0432\u0438 \u0454 \u0454\u0432\u0440\u043e\u043f\u0435\u0439\u0441\u044c\u043a\u043e\u044e \u0430\u0433\u0435\u043d\u0446\u0456\u0454\u044e \u0442\u0430 \u0445\u043e\u0447\u0435\u0442\u0435 \u043f\u0440\u0435\u0434\u0441\u0442\u0430\u0432\u0438\u0442\u0438 \u0441\u0435\u0431\u0435 \u0442\u0430 \u0441\u0432\u043e\u0457\u0445 \u043a\u0430\u043d\u0434\u0438\u0434\u0430\u0442\u0456\u0432 Sestrycz \u0456 \u0440\u043e\u0437\u0434\u0456\u043b\u0438\u0442\u0438 \u043d\u0430\u0448\u0456 \u0446\u0456\u043d\u043d\u043e\u0441\u0442\u0456 \u043f\u0440\u043e\u0444\u0435\u0441\u0456\u043e\u043d\u0430\u043b\u0456\u0437\u043c\u0443, \u0432\u0456\u0434\u043f\u043e\u0432\u0456\u0434\u043d\u043e\u0441\u0442\u0456 \u0442\u0430 \u043d\u0430\u0434\u0456\u0439\u043d\u043e\u0441\u0442\u0456, \u043c\u0438 \u0445\u043e\u0442\u0456\u043b\u0438 \u0431 \u043f\u043e\u0447\u0443\u0442\u0438 \u0432\u0430\u0448\u0443 \u0434\u0443\u043c\u043a\u0443.<\/p>\n","protected":false},"author":1,"featured_media":0,"parent":0,"menu_order":0,"comment_status":"closed","ping_status":"closed","template":"","meta":{"footnotes":""},"class_list":["post-658","page","type-page","status-publish","hentry"],"yoast_head":"<!-- This site is optimized with the Yoast SEO plugin v24.0 - https:\/\/yoast.com\/wordpress\/plugins\/seo\/ -->\n<title>\u041a\u043b\u0456\u0454\u043d\u0442\u0438 - sestrycz.eu - Agentura pr\u00e1ce pro zdravotn\u00edky<\/title>\n<meta name=\"robots\" content=\"index, follow, max-snippet:-1, max-image-preview:large, max-video-preview:-1\" \/>\n<link rel=\"canonical\" href=\"https:\/\/www.sestrycz.eu\/uk\/%d0%ba%d0%bb%d1%96%d1%94%d0%bd%d1%82%d0%b8\/\" \/>\n<meta property=\"og:locale\" content=\"uk_UA\" \/>\n<meta property=\"og:type\" content=\"article\" \/>\n<meta property=\"og:title\" content=\"\u041a\u043b\u0456\u0454\u043d\u0442\u0438 - sestrycz.eu - Agentura pr\u00e1ce pro zdravotn\u00edky\" \/>\n<meta property=\"og:description\" content=\"\u041f\u0420\u041e\u0421\u0418\u0422\u042c \u0417\u0412\u041e\u0420\u041e\u0422\u041d\u0418\u0419 \u0414\u0417\u0412\u041e\u041d\u041e\u041a \u041f\u041e\u0412\u0406\u0414\u041e\u041c\u041b\u042e\u0419\u0422\u0415 \u041f\u0420\u041e \u0421\u0412\u041e\u0407 \u0412\u0410\u041a\u0410\u041d\u0421\u0406\u0407 \u042f\u043a\u0449\u043e \u0432\u0438 \u0454 \u0454\u0432\u0440\u043e\u043f\u0435\u0439\u0441\u044c\u043a\u043e\u044e \u0430\u0433\u0435\u043d\u0446\u0456\u0454\u044e \u0442\u0430 \u0445\u043e\u0447\u0435\u0442\u0435 \u043f\u0440\u0435\u0434\u0441\u0442\u0430\u0432\u0438\u0442\u0438 \u0441\u0435\u0431\u0435 \u0442\u0430 \u0441\u0432\u043e\u0457\u0445 \u043a\u0430\u043d\u0434\u0438\u0434\u0430\u0442\u0456\u0432 Sestrycz \u0456 \u0440\u043e\u0437\u0434\u0456\u043b\u0438\u0442\u0438 \u043d\u0430\u0448\u0456 \u0446\u0456\u043d\u043d\u043e\u0441\u0442\u0456 \u043f\u0440\u043e\u0444\u0435\u0441\u0456\u043e\u043d\u0430\u043b\u0456\u0437\u043c\u0443, \u0432\u0456\u0434\u043f\u043e\u0432\u0456\u0434\u043d\u043e\u0441\u0442\u0456 \u0442\u0430 \u043d\u0430\u0434\u0456\u0439\u043d\u043e\u0441\u0442\u0456, \u043c\u0438 \u0445\u043e\u0442\u0456\u043b\u0438 \u0431 \u043f\u043e\u0447\u0443\u0442\u0438 \u0432\u0430\u0448\u0443 \u0434\u0443\u043c\u043a\u0443.\" \/>\n<meta property=\"og:url\" content=\"https:\/\/www.sestrycz.eu\/uk\/%d0%ba%d0%bb%d1%96%d1%94%d0%bd%d1%82%d0%b8\/\" \/>\n<meta property=\"og:site_name\" content=\"sestrycz.eu - Agentura pr\u00e1ce pro zdravotn\u00edky\" \/>\n<meta property=\"article:modified_time\" content=\"2023-09-12T16:01:45+00:00\" \/>\n<meta name=\"twitter:card\" content=\"summary_large_image\" \/>\n<meta name=\"twitter:label1\" content=\"\u041f\u0440\u0438\u0431\u043b. \u0447\u0430\u0441 \u0447\u0438\u0442\u0430\u043d\u043d\u044f\" \/>\n\t<meta name=\"twitter:data1\" content=\"1 \u0445\u0432\u0438\u043b\u0438\u043d\u0430\" \/>\n<script type=\"application\/ld+json\" class=\"yoast-schema-graph\">{\"@context\":\"https:\/\/schema.org\",\"@graph\":[{\"@type\":\"WebPage\",\"@id\":\"https:\/\/www.sestrycz.eu\/uk\/%d0%ba%d0%bb%d1%96%d1%94%d0%bd%d1%82%d0%b8\/\",\"url\":\"https:\/\/www.sestrycz.eu\/uk\/%d0%ba%d0%bb%d1%96%d1%94%d0%bd%d1%82%d0%b8\/\",\"name\":\"\u041a\u043b\u0456\u0454\u043d\u0442\u0438 - sestrycz.eu - Agentura pr\u00e1ce pro zdravotn\u00edky\",\"isPartOf\":{\"@id\":\"https:\/\/www.sestrycz.eu\/uk\/#website\"},\"datePublished\":\"2022-10-09T17:22:03+00:00\",\"dateModified\":\"2023-09-12T16:01:45+00:00\",\"breadcrumb\":{\"@id\":\"https:\/\/www.sestrycz.eu\/uk\/%d0%ba%d0%bb%d1%96%d1%94%d0%bd%d1%82%d0%b8\/#breadcrumb\"},\"inLanguage\":\"uk\",\"potentialAction\":[{\"@type\":\"ReadAction\",\"target\":[\"https:\/\/www.sestrycz.eu\/uk\/%d0%ba%d0%bb%d1%96%d1%94%d0%bd%d1%82%d0%b8\/\"]}]},{\"@type\":\"BreadcrumbList\",\"@id\":\"https:\/\/www.sestrycz.eu\/uk\/%d0%ba%d0%bb%d1%96%d1%94%d0%bd%d1%82%d0%b8\/#breadcrumb\",\"itemListElement\":[{\"@type\":\"ListItem\",\"position\":1,\"name\":\"Dom\u016f\",\"item\":\"https:\/\/www.sestrycz.eu\/uk\/\"},{\"@type\":\"ListItem\",\"position\":2,\"name\":\"\u041a\u043b\u0456\u0454\u043d\u0442\u0438\"}]},{\"@type\":\"WebSite\",\"@id\":\"https:\/\/www.sestrycz.eu\/uk\/#website\",\"url\":\"https:\/\/www.sestrycz.eu\/uk\/\",\"name\":\"sestrycz.eu - Agentura pr\u00e1ce pro zdravotn\u00edky\",\"description\":\"Agentura nab\u00edzej\u00edc\u00ed pr\u00e1ci zdravotn\u00edk\u016fm v \u010cR v ov\u011b\u0159en\u00fdch zdravotnick\u00fdch za\u0159\u00edzen\u00edch.\",\"publisher\":{\"@id\":\"https:\/\/www.sestrycz.eu\/uk\/#organization\"},\"potentialAction\":[{\"@type\":\"SearchAction\",\"target\":{\"@type\":\"EntryPoint\",\"urlTemplate\":\"https:\/\/www.sestrycz.eu\/uk\/?s={search_term_string}\"},\"query-input\":{\"@type\":\"PropertyValueSpecification\",\"valueRequired\":true,\"valueName\":\"search_term_string\"}}],\"inLanguage\":\"uk\"},{\"@type\":\"Organization\",\"@id\":\"https:\/\/www.sestrycz.eu\/uk\/#organization\",\"name\":\"Sestrycz\",\"url\":\"https:\/\/www.sestrycz.eu\/uk\/\",\"logo\":{\"@type\":\"ImageObject\",\"inLanguage\":\"uk\",\"@id\":\"https:\/\/www.sestrycz.eu\/uk\/#\/schema\/logo\/image\/\",\"url\":\"https:\/\/www.sestrycz.eu\/wp-content\/uploads\/2020\/06\/sestrycz-logo.png\",\"contentUrl\":\"https:\/\/www.sestrycz.eu\/wp-content\/uploads\/2020\/06\/sestrycz-logo.png\",\"width\":180,\"height\":39,\"caption\":\"Sestrycz\"},\"image\":{\"@id\":\"https:\/\/www.sestrycz.eu\/uk\/#\/schema\/logo\/image\/\"}}]}<\/script>\n<!-- \/ Yoast SEO plugin. -->","yoast_head_json":{"title":"\u041a\u043b\u0456\u0454\u043d\u0442\u0438 - sestrycz.eu - Agentura pr\u00e1ce pro zdravotn\u00edky","robots":{"index":"index","follow":"follow","max-snippet":"max-snippet:-1","max-image-preview":"max-image-preview:large","max-video-preview":"max-video-preview:-1"},"canonical":"https:\/\/www.sestrycz.eu\/uk\/%d0%ba%d0%bb%d1%96%d1%94%d0%bd%d1%82%d0%b8\/","og_locale":"uk_UA","og_type":"article","og_title":"\u041a\u043b\u0456\u0454\u043d\u0442\u0438 - sestrycz.eu - Agentura pr\u00e1ce pro zdravotn\u00edky","og_description":"\u041f\u0420\u041e\u0421\u0418\u0422\u042c \u0417\u0412\u041e\u0420\u041e\u0422\u041d\u0418\u0419 \u0414\u0417\u0412\u041e\u041d\u041e\u041a \u041f\u041e\u0412\u0406\u0414\u041e\u041c\u041b\u042e\u0419\u0422\u0415 \u041f\u0420\u041e \u0421\u0412\u041e\u0407 \u0412\u0410\u041a\u0410\u041d\u0421\u0406\u0407 \u042f\u043a\u0449\u043e \u0432\u0438 \u0454 \u0454\u0432\u0440\u043e\u043f\u0435\u0439\u0441\u044c\u043a\u043e\u044e \u0430\u0433\u0435\u043d\u0446\u0456\u0454\u044e \u0442\u0430 \u0445\u043e\u0447\u0435\u0442\u0435 \u043f\u0440\u0435\u0434\u0441\u0442\u0430\u0432\u0438\u0442\u0438 \u0441\u0435\u0431\u0435 \u0442\u0430 \u0441\u0432\u043e\u0457\u0445 \u043a\u0430\u043d\u0434\u0438\u0434\u0430\u0442\u0456\u0432 Sestrycz \u0456 \u0440\u043e\u0437\u0434\u0456\u043b\u0438\u0442\u0438 \u043d\u0430\u0448\u0456 \u0446\u0456\u043d\u043d\u043e\u0441\u0442\u0456 \u043f\u0440\u043e\u0444\u0435\u0441\u0456\u043e\u043d\u0430\u043b\u0456\u0437\u043c\u0443, \u0432\u0456\u0434\u043f\u043e\u0432\u0456\u0434\u043d\u043e\u0441\u0442\u0456 \u0442\u0430 \u043d\u0430\u0434\u0456\u0439\u043d\u043e\u0441\u0442\u0456, \u043c\u0438 \u0445\u043e\u0442\u0456\u043b\u0438 \u0431 \u043f\u043e\u0447\u0443\u0442\u0438 \u0432\u0430\u0448\u0443 \u0434\u0443\u043c\u043a\u0443.","og_url":"https:\/\/www.sestrycz.eu\/uk\/%d0%ba%d0%bb%d1%96%d1%94%d0%bd%d1%82%d0%b8\/","og_site_name":"sestrycz.eu - Agentura pr\u00e1ce pro zdravotn\u00edky","article_modified_time":"2023-09-12T16:01:45+00:00","twitter_card":"summary_large_image","twitter_misc":{"\u041f\u0440\u0438\u0431\u043b. \u0447\u0430\u0441 \u0447\u0438\u0442\u0430\u043d\u043d\u044f":"1 \u0445\u0432\u0438\u043b\u0438\u043d\u0430"},"schema":{"@context":"https:\/\/schema.org","@graph":[{"@type":"WebPage","@id":"https:\/\/www.sestrycz.eu\/uk\/%d0%ba%d0%bb%d1%96%d1%94%d0%bd%d1%82%d0%b8\/","url":"https:\/\/www.sestrycz.eu\/uk\/%d0%ba%d0%bb%d1%96%d1%94%d0%bd%d1%82%d0%b8\/","name":"\u041a\u043b\u0456\u0454\u043d\u0442\u0438 - sestrycz.eu - Agentura pr\u00e1ce pro zdravotn\u00edky","isPartOf":{"@id":"https:\/\/www.sestrycz.eu\/uk\/#website"},"datePublished":"2022-10-09T17:22:03+00:00","dateModified":"2023-09-12T16:01:45+00:00","breadcrumb":{"@id":"https:\/\/www.sestrycz.eu\/uk\/%d0%ba%d0%bb%d1%96%d1%94%d0%bd%d1%82%d0%b8\/#breadcrumb"},"inLanguage":"uk","potentialAction":[{"@type":"ReadAction","target":["https:\/\/www.sestrycz.eu\/uk\/%d0%ba%d0%bb%d1%96%d1%94%d0%bd%d1%82%d0%b8\/"]}]},{"@type":"BreadcrumbList","@id":"https:\/\/www.sestrycz.eu\/uk\/%d0%ba%d0%bb%d1%96%d1%94%d0%bd%d1%82%d0%b8\/#breadcrumb","itemListElement":[{"@type":"ListItem","position":1,"name":"Dom\u016f","item":"https:\/\/www.sestrycz.eu\/uk\/"},{"@type":"ListItem","position":2,"name":"\u041a\u043b\u0456\u0454\u043d\u0442\u0438"}]},{"@type":"WebSite","@id":"https:\/\/www.sestrycz.eu\/uk\/#website","url":"https:\/\/www.sestrycz.eu\/uk\/","name":"sestrycz.eu - Agentura pr\u00e1ce pro zdravotn\u00edky","description":"Agentura nab\u00edzej\u00edc\u00ed pr\u00e1ci zdravotn\u00edk\u016fm v \u010cR v ov\u011b\u0159en\u00fdch zdravotnick\u00fdch za\u0159\u00edzen\u00edch.","publisher":{"@id":"https:\/\/www.sestrycz.eu\/uk\/#organization"},"potentialAction":[{"@type":"SearchAction","target":{"@type":"EntryPoint","urlTemplate":"https:\/\/www.sestrycz.eu\/uk\/?s={search_term_string}"},"query-input":{"@type":"PropertyValueSpecification","valueRequired":true,"valueName":"search_term_string"}}],"inLanguage":"uk"},{"@type":"Organization","@id":"https:\/\/www.sestrycz.eu\/uk\/#organization","name":"Sestrycz","url":"https:\/\/www.sestrycz.eu\/uk\/","logo":{"@type":"ImageObject","inLanguage":"uk","@id":"https:\/\/www.sestrycz.eu\/uk\/#\/schema\/logo\/image\/","url":"https:\/\/www.sestrycz.eu\/wp-content\/uploads\/2020\/06\/sestrycz-logo.png","contentUrl":"https:\/\/www.sestrycz.eu\/wp-content\/uploads\/2020\/06\/sestrycz-logo.png","width":180,"height":39,"caption":"Sestrycz"},"image":{"@id":"https:\/\/www.sestrycz.eu\/uk\/#\/schema\/logo\/image\/"}}]}},"_links":{"self":[{"href":"https:\/\/www.sestrycz.eu\/uk\/wp-json\/wp\/v2\/pages\/658","targetHints":{"allow":["GET"]}}],"collection":[{"href":"https:\/\/www.sestrycz.eu\/uk\/wp-json\/wp\/v2\/pages"}],"about":[{"href":"https:\/\/www.sestrycz.eu\/uk\/wp-json\/wp\/v2\/types\/page"}],"author":[{"embeddable":true,"href":"https:\/\/www.sestrycz.eu\/uk\/wp-json\/wp\/v2\/users\/1"}],"replies":[{"embeddable":true,"href":"https:\/\/www.sestrycz.eu\/uk\/wp-json\/wp\/v2\/comments?post=658"}],"version-history":[{"count":3,"href":"https:\/\/www.sestrycz.eu\/uk\/wp-json\/wp\/v2\/pages\/658\/revisions"}],"predecessor-version":[{"id":663,"href":"https:\/\/www.sestrycz.eu\/uk\/wp-json\/wp\/v2\/pages\/658\/revisions\/663"}],"wp:attachment":[{"href":"https:\/\/www.sestrycz.eu\/uk\/wp-json\/wp\/v2\/media?parent=658"}],"curies":[{"name":"wp","href":"https:\/\/api.w.org\/{rel}","templated":true}]}}