{"id":641,"date":"2022-10-09T19:07:14","date_gmt":"2022-10-09T17:07:14","guid":{"rendered":"https:\/\/sestrycz.napokusy.cz\/?page_id=641"},"modified":"2024-11-27T16:32:56","modified_gmt":"2024-11-27T15:32:56","slug":"%d0%bf%d1%80%d0%be-%d0%bd%d0%b0%d1%81","status":"publish","type":"page","link":"https:\/\/www.sestrycz.eu\/uk\/%d0%bf%d1%80%d0%be-%d0%bd%d0%b0%d1%81\/","title":{"rendered":"\u041f\u0440\u043e \u043d\u0430\u0441"},"content":{"rendered":"\n<p>&#8220;Sestrycz&#8221; &#8211; \u0430\u0433\u0435\u043d\u0442\u0441\u0442\u0432\u043e \u0437 \u043f\u0440\u0430\u0446\u0435\u0432\u043b\u0430\u0448\u0442\u0443\u0432\u0430\u043d\u043d\u044f \u0437 \u0434\u043e\u0441\u0432\u0456\u0434\u043e\u043c \u0440\u043e\u0431\u043e\u0442\u0438 \u0431\u0456\u043b\u044c\u0448\u0435 5 \u0440\u043e\u043a\u0456\u0432. \u041c\u0438 \u043d\u0430\u0431\u0438\u0440\u0430\u0454\u043c\u043e \u0442\u0430 \u043f\u0440\u0430\u0446\u0435\u0432\u043b\u0430\u0448\u0442\u043e\u0432\u0443\u0454\u043c\u043e \u0447\u0435\u0441\u044c\u043a\u0438\u0445, \u0441\u043b\u043e\u0432\u0430\u0446\u044c\u043a\u0438\u0445 \u0442\u0430 \u0443\u043a\u0440\u0430\u0457\u043d\u0441\u044c\u043a\u0438\u0445 \u043c\u0435\u0434\u0441\u0435\u0441\u0442\u0435\u0440, \u0434\u043e\u0433\u043b\u044f\u0434\u0430\u043b\u044c\u043d\u0438\u0446\u044c \u0432 \u043c\u0435\u0434\u0438\u0447\u043d\u0456 \u0437\u0430\u043a\u043b\u0430\u0434\u0438 \u0427\u0435\u0445\u0456\u0457.<\/p>\n\n\n\n<p>\u041d\u0430\u0448\u0456 \u043a\u0430\u043d\u0434\u0438\u0434\u0430\u0442\u0438 \u043f\u0440\u043e\u0445\u043e\u0434\u044f\u0442\u044c \u043f\u043e\u043f\u0435\u0440\u0435\u0434\u043d\u0456\u0439 \u0432\u0456\u0434\u0431\u0456\u0440 \u0437\u0430 \u0434\u043e\u043f\u043e\u043c\u043e\u0433\u043e\u044e \u0441\u043f\u0456\u0432\u0431\u0435\u0441\u0456\u0434 \u0437 \u0434\u043e\u0441\u0432\u0456\u0434\u0447\u0435\u043d\u0438\u043c\u0438 \u043a\u043e\u043d\u0441\u0443\u043b\u044c\u0442\u0430\u043d\u0442\u0430\u043c\u0438 \u0432 \u0446\u0456\u0439 \u0433\u0430\u043b\u0443\u0437\u0456, \u0449\u043e \u0442\u0430\u043a\u043e\u0436 \u0440\u043e\u0431\u0438\u0442\u044c \u043d\u0430\u0448\u0456 \u043f\u043e\u0441\u043b\u0443\u0433\u0438 \u043d\u0430\u0434\u0456\u0439\u043d\u0438\u043c\u0438, \u043f\u0440\u043e\u0444\u0435\u0441\u0456\u0439\u043d\u0438\u043c\u0438 \u0442\u0430 \u043f\u0435\u0440\u0441\u043e\u043d\u0430\u043b\u044c\u043d\u0438\u043c\u0438.<\/p>\n\n\n\n<p>\u041d\u0430\u0448\u0435 \u0430\u0433\u0435\u043d\u0442\u0441\u0442\u0432\u043e \u043d\u0430\u0434\u0430\u0454 \u043a\u0430\u0434\u0440\u043e\u0432\u0456 \u0440\u0456\u0448\u0435\u043d\u043d\u044f \u0442\u0456\u043b\u044c\u043a\u0438 \u0432 \u0441\u0444\u0435\u0440\u0456 \u043e\u0445\u043e\u0440\u043e\u043d\u0438 \u0437\u0434\u043e\u0440\u043e\u0432&#8217;\u044f. \u0410\u0433\u0435\u043d\u0442\u0441\u0442\u0432\u043e \u0434\u043e\u0442\u0440\u0438\u043c\u0443\u0454\u0442\u044c\u0441\u044f \u0432\u043a\u0430\u0437\u0456\u0432\u043e\u043a \u0447\u0435\u0441\u044c\u043a\u0438\u0445 \u043c\u0456\u043d\u0456\u0441\u0442\u0435\u0440\u0441\u0442\u0432 \u0456 \u0432\u0456\u0434\u043f\u043e\u0432\u0456\u0434\u043d\u043e \u0434\u043e \u043d\u0438\u0445 \u0432\u0438\u043a\u043e\u043d\u0443\u0454 \u0430\u0434\u043c\u0456\u043d\u0456\u0441\u0442\u0440\u0430\u0442\u0438\u0432\u043d\u0456 \u0444\u043e\u0440\u043c\u0430\u043b\u044c\u043d\u043e\u0441\u0442\u0456 \u0434\u043b\u044f \u043d\u0430\u0448\u0438\u0445 \u0437\u0430\u044f\u0432\u043d\u0438\u043a\u0456\u0432. \u0423\u041f\u0426\u0420-2018\/10393\/8 \u043f\u0440\u043e \u043f\u0440\u0430\u0446\u0435\u0432\u043b\u0430\u0448\u0442\u0443\u0432\u0430\u043d\u043d\u044f, \u0437\u0433\u0456\u0434\u043d\u043e \u044f\u043a\u043e\u0433\u043e \u0431\u0435\u0437\u043e\u043f\u043b\u0430\u0442\u043d\u043e \u043f\u043e\u0441\u0435\u0440\u0435\u0434\u043d\u0438\u0446\u044c\u043a\u0443 \u0440\u043e\u0431\u043e\u0442\u0443. \u041c\u0456\u0441\u0446\u0435\u0437\u043d\u0430\u0445\u043e\u0434\u0436\u0435\u043d\u043d\u044f \u0410\u0433\u0435\u043d\u0442\u0441\u0442\u0432\u0430 \u0437\u043d\u0430\u0445\u043e\u0434\u0438\u0442\u044c\u0441\u044f \u0432 \u0427\u0435\u0445\u0456\u0457, Halouny 85, Svin\u00e1\u0159, 267 28, \u0456\u0434\u0435\u043d\u0442\u0438\u0444\u0456\u043a\u0430\u0446\u0456\u0439\u043d\u0438\u0439 \u043d\u043e\u043c\u0435\u0440: 710 815 93.<\/p>\n\n\n\n<div style=\"height:100px\" aria-hidden=\"true\" class=\"wp-block-spacer\"><\/div>\n\n\n\n<div class=\"row team-member\">\n<div class=\"col-12 col-md-2\"><img decoding=\"async\" src=\"https:\/\/www.sestrycz.eu\/wp-content\/uploads\/2023\/06\/IMG-1441-147x300.jpg\" \/><\/div>\n<div class=\"col-12 col-md-10\">\n<h2>\u043c\u0430\u0433\u0456\u0441\u0442\u0440 \u043d\u0430\u0443\u043a \u041a\u0430\u0442\u0435\u0440\u0438\u043d\u0430 \u042f\u043d\u0456\u0447\u043a\u043e\u0432\u0430<\/h2>\n<em>\u0432\u0438\u043a\u043e\u043d\u0430\u0432\u0447\u0438\u0439 \u0434\u0438\u0440\u0435\u043a\u0442\u043e\u0440 \u0442\u0430 \u0434\u0438\u0440\u0435\u043a\u0442\u043e\u0440 \u0430\u0433\u0435\u043d\u0442\u0441\u0442\u0432\u0430<\/em><\/p>\n<p class=\"member-desc\">\u0421\u0435\u0441\u0442\u0440\u0430 \u043c\u0435\u0434\u0438\u0447\u043d\u0430 \u0437\u0430\u0433\u0430\u043b\u044c\u043d\u043e\u0433\u043e \u043f\u0440\u043e\u0444\u0456\u043b\u044e &#8211; \u0432\u0438\u0449\u0430 \u043c\u0435\u0434\u0438\u0447\u043d\u0430 \u0448\u043a\u043e\u043b\u0430<\/p>\n<p class=\"member-desc\">\u041c\u0430\u0433\u0456\u0441\u0442\u0440 &#8211; \u0421\u043e\u0446\u0456\u0430\u043b\u044c\u043d\u0456 \u0442\u0430 \u043c\u0430\u0441\u043e\u0432\u0456 \u043a\u043e\u043c\u0443\u043d\u0456\u043a\u0430\u0446\u0456\u0457, \u041a\u0430\u0434\u0440\u043e\u0432\u0438\u0439 \u043c\u0435\u043d\u0435\u0434\u0436\u043c\u0435\u043d\u0442<\/p>\n<p class=\"member-desc\">\u0414\u043e\u0441\u0432\u0456\u0434 \u0440\u043e\u0431\u043e\u0442\u0438 \u0443 \u0444\u0430\u0440\u043c\u0430\u0446\u0435\u0432\u0442\u0438\u0447\u043d\u0456\u0439 \u0433\u0430\u043b\u0443\u0437\u0456 (\u043a\u043e\u043c\u043f\u0430\u043d\u0456\u0457 \u0410\u043c\u0435\u0440\u0438\u043a\u0438, \u0424\u0440\u0430\u043d\u0446\u0456\u0457, \u0428\u0432\u0435\u0439\u0446\u0430\u0440\u0456\u0457). \u0417\u043d\u0430\u043d\u043d\u044f \u0442\u0430 \u043e\u0433\u043b\u044f\u0434 \u043c\u0435\u0434\u0438\u0447\u043d\u0438\u0445 \u0437\u0430\u043a\u043b\u0430\u0434\u0456\u0432 \u0427\u0435\u0441\u044c\u043a\u043e\u0457 \u0420\u0435\u0441\u043f\u0443\u0431\u043b\u0456\u043a\u0438.<\/p>\n\u0422\u0435\u043b\u0435\u0444\u043e\u043d: <a href=\"tel:+420724626216\">+420 724 626 216<\/a> \u0415\u043b\u0435\u043a\u0442\u0440\u043e\u043d\u043d\u0430 \u043f\u043e\u0448\u0442\u0430: <a href=\"mailto:info@sestry.cz\">info@sestry.cz<\/a><\/div>\n<\/div>\n\n\n\n<div class=\"row team-member\">\n<div class=\"col-12 col-md-2\"><img loading=\"lazy\" decoding=\"async\" class=\"\" src=\"https:\/\/www.sestrycz.eu\/wp-content\/uploads\/2024\/11\/Natalie-Mysak.jpg\" width=\"175\" height=\"236\" \/><\/div>\n<div class=\"col-12 col-md-10\">\n<h2>\u0406\u043d\u0436. \u041d\u0430\u0442\u0430\u043b\u0456\u044f \u041c\u0438\u0441\u0430\u043a<\/h2>\n<p class=\"member-desc\">\u041c\u0430\u0433\u0456\u0441\u0442\u0440 \u2013 \u0435\u043a\u043e\u043d\u043e\u043c\u0456\u043a\u0430, \u041b\u044c\u0432\u0456\u0432.<\/p>\n<p class=\"member-desc\">\u0414\u043e\u0441\u0432\u0456\u0434 \u0440\u043e\u0431\u043e\u0442\u0438 \u0443 \u0441\u0432\u0456\u0442\u043e\u0432\u0438\u0445 \u0444\u0456\u043d\u0430\u043d\u0441\u043e\u0432\u0438\u0445 \u043a\u043e\u043c\u043f\u0430\u043d\u0456\u044f\u0445, \u043d\u0430\u0432\u0447\u0430\u043d\u043d\u044f \u0447\u0435\u0441\u044c\u043a\u043e\u043c\u0443 \u0442\u0440\u0443\u0434\u043e\u0432\u043e\u043c\u0443 \u0437\u0430\u043a\u043e\u043d\u043e\u0434\u0430\u0432\u0441\u0442\u0432\u0443 &#8211; \u041f\u0440\u0430\u0433\u0430.<\/p>\n\u0422\u0435\u043b\u0435\u0444\u043e\u043d: <a href=\"tel:+420776807623\">+ 420 776 807 623<\/a> \u0415\u043b\u0435\u043a\u0442\u0440\u043e\u043d\u043d\u0430 \u043f\u043e\u0448\u0442\u0430: <a href=\"mailto:nataliiamysak@seznam.cz\">nataliiamysak@seznam.cz<\/a><\/div>\n<\/div>\n\n\n\n<div class=\"row team-member\">\n<div class=\"col-12 col-md-2\"><img loading=\"lazy\" decoding=\"async\" class=\"alignnone wp-image-364\" src=\"https:\/\/www.sestrycz.eu\/wp-content\/uploads\/2022\/03\/photo_Savitskyy-300x268.jpg\" alt=\"\" width=\"194\" height=\"173\" srcset=\"https:\/\/www.sestrycz.eu\/wp-content\/uploads\/2022\/03\/photo_Savitskyy-300x268.jpg 300w, https:\/\/www.sestrycz.eu\/wp-content\/uploads\/2022\/03\/photo_Savitskyy-1024x915.jpg 1024w, https:\/\/www.sestrycz.eu\/wp-content\/uploads\/2022\/03\/photo_Savitskyy-768x686.jpg 768w, https:\/\/www.sestrycz.eu\/wp-content\/uploads\/2022\/03\/photo_Savitskyy-1536x1372.jpg 1536w, https:\/\/www.sestrycz.eu\/wp-content\/uploads\/2022\/03\/photo_Savitskyy-2048x1829.jpg 2048w, https:\/\/www.sestrycz.eu\/wp-content\/uploads\/2022\/03\/photo_Savitskyy-390x348.jpg 390w\" sizes=\"auto, (max-width: 194px) 100vw, 194px\" \/><\/div>\n<div class=\"col-12 col-md-10\">\n<h2>\u0406\u043d\u0436. \u042e\u0440\u0456\u0439 \u0421\u0430\u0432\u0438\u0446\u044c\u043a\u0438\u0439 MBA<\/h2>\n\u041c\u0430\u0433\u0456\u0441\u0442\u0440 &#8211; \u0435\u043a\u043e\u043d\u043e\u043c\u0456\u043a\u0430, \u0410\u0444\u0456\u043d\u0438.\n<p class=\"member-desc\">\u0414\u043e\u0441\u0432\u0456\u0434 \u0440\u043e\u0431\u043e\u0442\u0438 \u0432 \u0406\u0422, \u043a\u043e\u043c\u043f\u0430\u043d\u0456\u044f\u0445, \u0449\u043e \u043d\u0430\u0434\u0430\u044e\u0442\u044c \u043c\u0435\u0434\u0438\u0447\u043d\u0456 \u043f\u043e\u0441\u043b\u0443\u0433\u0438 \u0432 \u0404\u0421.<\/p>\n\u0422\u0435\u043b\u0435\u0444\u043e\u043d: <a href=\"tel:+306981617812\">+ 30 6981617812<\/a> \u0415\u043b\u0435\u043a\u0442\u0440\u043e\u043d\u043d\u0430 \u043f\u043e\u0448\u0442\u0430: <a href=\"mailto:yuriy_sav@yahoo.com\">yuriy_sav@yahoo.com<\/a><\/div>\n<\/div>\n","protected":false},"excerpt":{"rendered":"<p>&#8220;Sestrycz&#8221; &#8211; \u0430\u0433\u0435\u043d\u0442\u0441\u0442\u0432\u043e \u0437 \u043f\u0440\u0430\u0446\u0435\u0432\u043b\u0430\u0448\u0442\u0443\u0432\u0430\u043d\u043d\u044f \u0437 \u0434\u043e\u0441\u0432\u0456\u0434\u043e\u043c \u0440\u043e\u0431\u043e\u0442\u0438 \u0431\u0456\u043b\u044c\u0448\u0435 5 \u0440\u043e\u043a\u0456\u0432. \u041c\u0438 \u043d\u0430\u0431\u0438\u0440\u0430\u0454\u043c\u043e \u0442\u0430 \u043f\u0440\u0430\u0446\u0435\u0432\u043b\u0430\u0448\u0442\u043e\u0432\u0443\u0454\u043c\u043e \u0447\u0435\u0441\u044c\u043a\u0438\u0445, \u0441\u043b\u043e\u0432\u0430\u0446\u044c\u043a\u0438\u0445 \u0442\u0430 \u0443\u043a\u0440\u0430\u0457\u043d\u0441\u044c\u043a\u0438\u0445 \u043c\u0435\u0434\u0441\u0435\u0441\u0442\u0435\u0440, \u0434\u043e\u0433\u043b\u044f\u0434\u0430\u043b\u044c\u043d\u0438\u0446\u044c \u0432 \u043c\u0435\u0434\u0438\u0447\u043d\u0456 \u0437\u0430\u043a\u043b\u0430\u0434\u0438 \u0427\u0435\u0445\u0456\u0457. \u041d\u0430\u0448\u0456 \u043a\u0430\u043d\u0434\u0438\u0434\u0430\u0442\u0438 \u043f\u0440\u043e\u0445\u043e\u0434\u044f\u0442\u044c \u043f\u043e\u043f\u0435\u0440\u0435\u0434\u043d\u0456\u0439 \u0432\u0456\u0434\u0431\u0456\u0440 \u0437\u0430 \u0434\u043e\u043f\u043e\u043c\u043e\u0433\u043e\u044e \u0441\u043f\u0456\u0432\u0431\u0435\u0441\u0456\u0434 \u0437 \u0434\u043e\u0441\u0432\u0456\u0434\u0447\u0435\u043d\u0438\u043c\u0438 \u043a\u043e\u043d\u0441\u0443\u043b\u044c\u0442\u0430\u043d\u0442\u0430\u043c\u0438 \u0432 \u0446\u0456\u0439 \u0433\u0430\u043b\u0443\u0437\u0456, \u0449\u043e \u0442\u0430\u043a\u043e\u0436 \u0440\u043e\u0431\u0438\u0442\u044c \u043d\u0430\u0448\u0456 \u043f\u043e\u0441\u043b\u0443\u0433\u0438 \u043d\u0430\u0434\u0456\u0439\u043d\u0438\u043c\u0438, \u043f\u0440\u043e\u0444\u0435\u0441\u0456\u0439\u043d\u0438\u043c\u0438 \u0442\u0430 \u043f\u0435\u0440\u0441\u043e\u043d\u0430\u043b\u044c\u043d\u0438\u043c\u0438. \u041d\u0430\u0448\u0435 \u0430\u0433\u0435\u043d\u0442\u0441\u0442\u0432\u043e \u043d\u0430\u0434\u0430\u0454 \u043a\u0430\u0434\u0440\u043e\u0432\u0456 \u0440\u0456\u0448\u0435\u043d\u043d\u044f \u0442\u0456\u043b\u044c\u043a\u0438 \u0432 [&hellip;]<\/p>\n","protected":false},"author":1,"featured_media":0,"parent":0,"menu_order":0,"comment_status":"closed","ping_status":"closed","template":"","meta":{"footnotes":""},"class_list":["post-641","page","type-page","status-publish","hentry"],"yoast_head":"<!-- This site is optimized with the Yoast SEO plugin v24.0 - https:\/\/yoast.com\/wordpress\/plugins\/seo\/ -->\n<title>\u041f\u0440\u043e \u043d\u0430\u0441 - sestrycz.eu - Agentura pr\u00e1ce pro zdravotn\u00edky<\/title>\n<meta name=\"robots\" content=\"index, follow, max-snippet:-1, max-image-preview:large, max-video-preview:-1\" \/>\n<link rel=\"canonical\" href=\"https:\/\/www.sestrycz.eu\/uk\/%d0%bf%d1%80%d0%be-%d0%bd%d0%b0%d1%81\/\" \/>\n<meta property=\"og:locale\" content=\"uk_UA\" \/>\n<meta property=\"og:type\" content=\"article\" \/>\n<meta property=\"og:title\" content=\"\u041f\u0440\u043e \u043d\u0430\u0441 - sestrycz.eu - Agentura pr\u00e1ce pro zdravotn\u00edky\" \/>\n<meta property=\"og:description\" content=\"&#8220;Sestrycz&#8221; &#8211; \u0430\u0433\u0435\u043d\u0442\u0441\u0442\u0432\u043e \u0437 \u043f\u0440\u0430\u0446\u0435\u0432\u043b\u0430\u0448\u0442\u0443\u0432\u0430\u043d\u043d\u044f \u0437 \u0434\u043e\u0441\u0432\u0456\u0434\u043e\u043c \u0440\u043e\u0431\u043e\u0442\u0438 \u0431\u0456\u043b\u044c\u0448\u0435 5 \u0440\u043e\u043a\u0456\u0432. \u041c\u0438 \u043d\u0430\u0431\u0438\u0440\u0430\u0454\u043c\u043e \u0442\u0430 \u043f\u0440\u0430\u0446\u0435\u0432\u043b\u0430\u0448\u0442\u043e\u0432\u0443\u0454\u043c\u043e \u0447\u0435\u0441\u044c\u043a\u0438\u0445, \u0441\u043b\u043e\u0432\u0430\u0446\u044c\u043a\u0438\u0445 \u0442\u0430 \u0443\u043a\u0440\u0430\u0457\u043d\u0441\u044c\u043a\u0438\u0445 \u043c\u0435\u0434\u0441\u0435\u0441\u0442\u0435\u0440, \u0434\u043e\u0433\u043b\u044f\u0434\u0430\u043b\u044c\u043d\u0438\u0446\u044c \u0432 \u043c\u0435\u0434\u0438\u0447\u043d\u0456 \u0437\u0430\u043a\u043b\u0430\u0434\u0438 \u0427\u0435\u0445\u0456\u0457. \u041d\u0430\u0448\u0456 \u043a\u0430\u043d\u0434\u0438\u0434\u0430\u0442\u0438 \u043f\u0440\u043e\u0445\u043e\u0434\u044f\u0442\u044c \u043f\u043e\u043f\u0435\u0440\u0435\u0434\u043d\u0456\u0439 \u0432\u0456\u0434\u0431\u0456\u0440 \u0437\u0430 \u0434\u043e\u043f\u043e\u043c\u043e\u0433\u043e\u044e \u0441\u043f\u0456\u0432\u0431\u0435\u0441\u0456\u0434 \u0437 \u0434\u043e\u0441\u0432\u0456\u0434\u0447\u0435\u043d\u0438\u043c\u0438 \u043a\u043e\u043d\u0441\u0443\u043b\u044c\u0442\u0430\u043d\u0442\u0430\u043c\u0438 \u0432 \u0446\u0456\u0439 \u0433\u0430\u043b\u0443\u0437\u0456, \u0449\u043e \u0442\u0430\u043a\u043e\u0436 \u0440\u043e\u0431\u0438\u0442\u044c \u043d\u0430\u0448\u0456 \u043f\u043e\u0441\u043b\u0443\u0433\u0438 \u043d\u0430\u0434\u0456\u0439\u043d\u0438\u043c\u0438, \u043f\u0440\u043e\u0444\u0435\u0441\u0456\u0439\u043d\u0438\u043c\u0438 \u0442\u0430 \u043f\u0435\u0440\u0441\u043e\u043d\u0430\u043b\u044c\u043d\u0438\u043c\u0438. \u041d\u0430\u0448\u0435 \u0430\u0433\u0435\u043d\u0442\u0441\u0442\u0432\u043e \u043d\u0430\u0434\u0430\u0454 \u043a\u0430\u0434\u0440\u043e\u0432\u0456 \u0440\u0456\u0448\u0435\u043d\u043d\u044f \u0442\u0456\u043b\u044c\u043a\u0438 \u0432 [&hellip;]\" \/>\n<meta property=\"og:url\" content=\"https:\/\/www.sestrycz.eu\/uk\/%d0%bf%d1%80%d0%be-%d0%bd%d0%b0%d1%81\/\" \/>\n<meta property=\"og:site_name\" content=\"sestrycz.eu - Agentura pr\u00e1ce pro zdravotn\u00edky\" \/>\n<meta property=\"article:modified_time\" content=\"2024-11-27T15:32:56+00:00\" \/>\n<meta property=\"og:image\" content=\"https:\/\/www.sestrycz.eu\/wp-content\/uploads\/2023\/06\/IMG-1441-147x300.jpg\" \/>\n<meta name=\"twitter:card\" content=\"summary_large_image\" \/>\n<meta name=\"twitter:label1\" content=\"\u041f\u0440\u0438\u0431\u043b. \u0447\u0430\u0441 \u0447\u0438\u0442\u0430\u043d\u043d\u044f\" \/>\n\t<meta name=\"twitter:data1\" content=\"2 \u0445\u0432\u0438\u043b\u0438\u043d\u0438\" \/>\n<script type=\"application\/ld+json\" class=\"yoast-schema-graph\">{\"@context\":\"https:\/\/schema.org\",\"@graph\":[{\"@type\":\"WebPage\",\"@id\":\"https:\/\/www.sestrycz.eu\/uk\/%d0%bf%d1%80%d0%be-%d0%bd%d0%b0%d1%81\/\",\"url\":\"https:\/\/www.sestrycz.eu\/uk\/%d0%bf%d1%80%d0%be-%d0%bd%d0%b0%d1%81\/\",\"name\":\"\u041f\u0440\u043e \u043d\u0430\u0441 - sestrycz.eu - Agentura pr\u00e1ce pro zdravotn\u00edky\",\"isPartOf\":{\"@id\":\"https:\/\/www.sestrycz.eu\/uk\/#website\"},\"primaryImageOfPage\":{\"@id\":\"https:\/\/www.sestrycz.eu\/uk\/%d0%bf%d1%80%d0%be-%d0%bd%d0%b0%d1%81\/#primaryimage\"},\"image\":{\"@id\":\"https:\/\/www.sestrycz.eu\/uk\/%d0%bf%d1%80%d0%be-%d0%bd%d0%b0%d1%81\/#primaryimage\"},\"thumbnailUrl\":\"https:\/\/www.sestrycz.eu\/wp-content\/uploads\/2023\/06\/IMG-1441-147x300.jpg\",\"datePublished\":\"2022-10-09T17:07:14+00:00\",\"dateModified\":\"2024-11-27T15:32:56+00:00\",\"breadcrumb\":{\"@id\":\"https:\/\/www.sestrycz.eu\/uk\/%d0%bf%d1%80%d0%be-%d0%bd%d0%b0%d1%81\/#breadcrumb\"},\"inLanguage\":\"uk\",\"potentialAction\":[{\"@type\":\"ReadAction\",\"target\":[\"https:\/\/www.sestrycz.eu\/uk\/%d0%bf%d1%80%d0%be-%d0%bd%d0%b0%d1%81\/\"]}]},{\"@type\":\"ImageObject\",\"inLanguage\":\"uk\",\"@id\":\"https:\/\/www.sestrycz.eu\/uk\/%d0%bf%d1%80%d0%be-%d0%bd%d0%b0%d1%81\/#primaryimage\",\"url\":\"https:\/\/www.sestrycz.eu\/wp-content\/uploads\/2023\/06\/IMG-1441-147x300.jpg\",\"contentUrl\":\"https:\/\/www.sestrycz.eu\/wp-content\/uploads\/2023\/06\/IMG-1441-147x300.jpg\"},{\"@type\":\"BreadcrumbList\",\"@id\":\"https:\/\/www.sestrycz.eu\/uk\/%d0%bf%d1%80%d0%be-%d0%bd%d0%b0%d1%81\/#breadcrumb\",\"itemListElement\":[{\"@type\":\"ListItem\",\"position\":1,\"name\":\"Dom\u016f\",\"item\":\"https:\/\/www.sestrycz.eu\/uk\/\"},{\"@type\":\"ListItem\",\"position\":2,\"name\":\"\u041f\u0440\u043e \u043d\u0430\u0441\"}]},{\"@type\":\"WebSite\",\"@id\":\"https:\/\/www.sestrycz.eu\/uk\/#website\",\"url\":\"https:\/\/www.sestrycz.eu\/uk\/\",\"name\":\"sestrycz.eu - Agentura pr\u00e1ce pro zdravotn\u00edky\",\"description\":\"Agentura nab\u00edzej\u00edc\u00ed pr\u00e1ci zdravotn\u00edk\u016fm v \u010cR v ov\u011b\u0159en\u00fdch zdravotnick\u00fdch za\u0159\u00edzen\u00edch.\",\"publisher\":{\"@id\":\"https:\/\/www.sestrycz.eu\/uk\/#organization\"},\"potentialAction\":[{\"@type\":\"SearchAction\",\"target\":{\"@type\":\"EntryPoint\",\"urlTemplate\":\"https:\/\/www.sestrycz.eu\/uk\/?s={search_term_string}\"},\"query-input\":{\"@type\":\"PropertyValueSpecification\",\"valueRequired\":true,\"valueName\":\"search_term_string\"}}],\"inLanguage\":\"uk\"},{\"@type\":\"Organization\",\"@id\":\"https:\/\/www.sestrycz.eu\/uk\/#organization\",\"name\":\"Sestrycz\",\"url\":\"https:\/\/www.sestrycz.eu\/uk\/\",\"logo\":{\"@type\":\"ImageObject\",\"inLanguage\":\"uk\",\"@id\":\"https:\/\/www.sestrycz.eu\/uk\/#\/schema\/logo\/image\/\",\"url\":\"https:\/\/www.sestrycz.eu\/wp-content\/uploads\/2020\/06\/sestrycz-logo.png\",\"contentUrl\":\"https:\/\/www.sestrycz.eu\/wp-content\/uploads\/2020\/06\/sestrycz-logo.png\",\"width\":180,\"height\":39,\"caption\":\"Sestrycz\"},\"image\":{\"@id\":\"https:\/\/www.sestrycz.eu\/uk\/#\/schema\/logo\/image\/\"}}]}<\/script>\n<!-- \/ Yoast SEO plugin. -->","yoast_head_json":{"title":"\u041f\u0440\u043e \u043d\u0430\u0441 - sestrycz.eu - Agentura pr\u00e1ce pro zdravotn\u00edky","robots":{"index":"index","follow":"follow","max-snippet":"max-snippet:-1","max-image-preview":"max-image-preview:large","max-video-preview":"max-video-preview:-1"},"canonical":"https:\/\/www.sestrycz.eu\/uk\/%d0%bf%d1%80%d0%be-%d0%bd%d0%b0%d1%81\/","og_locale":"uk_UA","og_type":"article","og_title":"\u041f\u0440\u043e \u043d\u0430\u0441 - sestrycz.eu - Agentura pr\u00e1ce pro zdravotn\u00edky","og_description":"&#8220;Sestrycz&#8221; &#8211; \u0430\u0433\u0435\u043d\u0442\u0441\u0442\u0432\u043e \u0437 \u043f\u0440\u0430\u0446\u0435\u0432\u043b\u0430\u0448\u0442\u0443\u0432\u0430\u043d\u043d\u044f \u0437 \u0434\u043e\u0441\u0432\u0456\u0434\u043e\u043c \u0440\u043e\u0431\u043e\u0442\u0438 \u0431\u0456\u043b\u044c\u0448\u0435 5 \u0440\u043e\u043a\u0456\u0432. \u041c\u0438 \u043d\u0430\u0431\u0438\u0440\u0430\u0454\u043c\u043e \u0442\u0430 \u043f\u0440\u0430\u0446\u0435\u0432\u043b\u0430\u0448\u0442\u043e\u0432\u0443\u0454\u043c\u043e \u0447\u0435\u0441\u044c\u043a\u0438\u0445, \u0441\u043b\u043e\u0432\u0430\u0446\u044c\u043a\u0438\u0445 \u0442\u0430 \u0443\u043a\u0440\u0430\u0457\u043d\u0441\u044c\u043a\u0438\u0445 \u043c\u0435\u0434\u0441\u0435\u0441\u0442\u0435\u0440, \u0434\u043e\u0433\u043b\u044f\u0434\u0430\u043b\u044c\u043d\u0438\u0446\u044c \u0432 \u043c\u0435\u0434\u0438\u0447\u043d\u0456 \u0437\u0430\u043a\u043b\u0430\u0434\u0438 \u0427\u0435\u0445\u0456\u0457. \u041d\u0430\u0448\u0456 \u043a\u0430\u043d\u0434\u0438\u0434\u0430\u0442\u0438 \u043f\u0440\u043e\u0445\u043e\u0434\u044f\u0442\u044c \u043f\u043e\u043f\u0435\u0440\u0435\u0434\u043d\u0456\u0439 \u0432\u0456\u0434\u0431\u0456\u0440 \u0437\u0430 \u0434\u043e\u043f\u043e\u043c\u043e\u0433\u043e\u044e \u0441\u043f\u0456\u0432\u0431\u0435\u0441\u0456\u0434 \u0437 \u0434\u043e\u0441\u0432\u0456\u0434\u0447\u0435\u043d\u0438\u043c\u0438 \u043a\u043e\u043d\u0441\u0443\u043b\u044c\u0442\u0430\u043d\u0442\u0430\u043c\u0438 \u0432 \u0446\u0456\u0439 \u0433\u0430\u043b\u0443\u0437\u0456, \u0449\u043e \u0442\u0430\u043a\u043e\u0436 \u0440\u043e\u0431\u0438\u0442\u044c \u043d\u0430\u0448\u0456 \u043f\u043e\u0441\u043b\u0443\u0433\u0438 \u043d\u0430\u0434\u0456\u0439\u043d\u0438\u043c\u0438, \u043f\u0440\u043e\u0444\u0435\u0441\u0456\u0439\u043d\u0438\u043c\u0438 \u0442\u0430 \u043f\u0435\u0440\u0441\u043e\u043d\u0430\u043b\u044c\u043d\u0438\u043c\u0438. \u041d\u0430\u0448\u0435 \u0430\u0433\u0435\u043d\u0442\u0441\u0442\u0432\u043e \u043d\u0430\u0434\u0430\u0454 \u043a\u0430\u0434\u0440\u043e\u0432\u0456 \u0440\u0456\u0448\u0435\u043d\u043d\u044f \u0442\u0456\u043b\u044c\u043a\u0438 \u0432 [&hellip;]","og_url":"https:\/\/www.sestrycz.eu\/uk\/%d0%bf%d1%80%d0%be-%d0%bd%d0%b0%d1%81\/","og_site_name":"sestrycz.eu - Agentura pr\u00e1ce pro zdravotn\u00edky","article_modified_time":"2024-11-27T15:32:56+00:00","og_image":[{"url":"https:\/\/www.sestrycz.eu\/wp-content\/uploads\/2023\/06\/IMG-1441-147x300.jpg","type":"","width":"","height":""}],"twitter_card":"summary_large_image","twitter_misc":{"\u041f\u0440\u0438\u0431\u043b. \u0447\u0430\u0441 \u0447\u0438\u0442\u0430\u043d\u043d\u044f":"2 \u0445\u0432\u0438\u043b\u0438\u043d\u0438"},"schema":{"@context":"https:\/\/schema.org","@graph":[{"@type":"WebPage","@id":"https:\/\/www.sestrycz.eu\/uk\/%d0%bf%d1%80%d0%be-%d0%bd%d0%b0%d1%81\/","url":"https:\/\/www.sestrycz.eu\/uk\/%d0%bf%d1%80%d0%be-%d0%bd%d0%b0%d1%81\/","name":"\u041f\u0440\u043e \u043d\u0430\u0441 - sestrycz.eu - Agentura pr\u00e1ce pro zdravotn\u00edky","isPartOf":{"@id":"https:\/\/www.sestrycz.eu\/uk\/#website"},"primaryImageOfPage":{"@id":"https:\/\/www.sestrycz.eu\/uk\/%d0%bf%d1%80%d0%be-%d0%bd%d0%b0%d1%81\/#primaryimage"},"image":{"@id":"https:\/\/www.sestrycz.eu\/uk\/%d0%bf%d1%80%d0%be-%d0%bd%d0%b0%d1%81\/#primaryimage"},"thumbnailUrl":"https:\/\/www.sestrycz.eu\/wp-content\/uploads\/2023\/06\/IMG-1441-147x300.jpg","datePublished":"2022-10-09T17:07:14+00:00","dateModified":"2024-11-27T15:32:56+00:00","breadcrumb":{"@id":"https:\/\/www.sestrycz.eu\/uk\/%d0%bf%d1%80%d0%be-%d0%bd%d0%b0%d1%81\/#breadcrumb"},"inLanguage":"uk","potentialAction":[{"@type":"ReadAction","target":["https:\/\/www.sestrycz.eu\/uk\/%d0%bf%d1%80%d0%be-%d0%bd%d0%b0%d1%81\/"]}]},{"@type":"ImageObject","inLanguage":"uk","@id":"https:\/\/www.sestrycz.eu\/uk\/%d0%bf%d1%80%d0%be-%d0%bd%d0%b0%d1%81\/#primaryimage","url":"https:\/\/www.sestrycz.eu\/wp-content\/uploads\/2023\/06\/IMG-1441-147x300.jpg","contentUrl":"https:\/\/www.sestrycz.eu\/wp-content\/uploads\/2023\/06\/IMG-1441-147x300.jpg"},{"@type":"BreadcrumbList","@id":"https:\/\/www.sestrycz.eu\/uk\/%d0%bf%d1%80%d0%be-%d0%bd%d0%b0%d1%81\/#breadcrumb","itemListElement":[{"@type":"ListItem","position":1,"name":"Dom\u016f","item":"https:\/\/www.sestrycz.eu\/uk\/"},{"@type":"ListItem","position":2,"name":"\u041f\u0440\u043e \u043d\u0430\u0441"}]},{"@type":"WebSite","@id":"https:\/\/www.sestrycz.eu\/uk\/#website","url":"https:\/\/www.sestrycz.eu\/uk\/","name":"sestrycz.eu - Agentura pr\u00e1ce pro zdravotn\u00edky","description":"Agentura nab\u00edzej\u00edc\u00ed pr\u00e1ci zdravotn\u00edk\u016fm v \u010cR v ov\u011b\u0159en\u00fdch zdravotnick\u00fdch za\u0159\u00edzen\u00edch.","publisher":{"@id":"https:\/\/www.sestrycz.eu\/uk\/#organization"},"potentialAction":[{"@type":"SearchAction","target":{"@type":"EntryPoint","urlTemplate":"https:\/\/www.sestrycz.eu\/uk\/?s={search_term_string}"},"query-input":{"@type":"PropertyValueSpecification","valueRequired":true,"valueName":"search_term_string"}}],"inLanguage":"uk"},{"@type":"Organization","@id":"https:\/\/www.sestrycz.eu\/uk\/#organization","name":"Sestrycz","url":"https:\/\/www.sestrycz.eu\/uk\/","logo":{"@type":"ImageObject","inLanguage":"uk","@id":"https:\/\/www.sestrycz.eu\/uk\/#\/schema\/logo\/image\/","url":"https:\/\/www.sestrycz.eu\/wp-content\/uploads\/2020\/06\/sestrycz-logo.png","contentUrl":"https:\/\/www.sestrycz.eu\/wp-content\/uploads\/2020\/06\/sestrycz-logo.png","width":180,"height":39,"caption":"Sestrycz"},"image":{"@id":"https:\/\/www.sestrycz.eu\/uk\/#\/schema\/logo\/image\/"}}]}},"_links":{"self":[{"href":"https:\/\/www.sestrycz.eu\/uk\/wp-json\/wp\/v2\/pages\/641","targetHints":{"allow":["GET"]}}],"collection":[{"href":"https:\/\/www.sestrycz.eu\/uk\/wp-json\/wp\/v2\/pages"}],"about":[{"href":"https:\/\/www.sestrycz.eu\/uk\/wp-json\/wp\/v2\/types\/page"}],"author":[{"embeddable":true,"href":"https:\/\/www.sestrycz.eu\/uk\/wp-json\/wp\/v2\/users\/1"}],"replies":[{"embeddable":true,"href":"https:\/\/www.sestrycz.eu\/uk\/wp-json\/wp\/v2\/comments?post=641"}],"version-history":[{"count":4,"href":"https:\/\/www.sestrycz.eu\/uk\/wp-json\/wp\/v2\/pages\/641\/revisions"}],"predecessor-version":[{"id":707,"href":"https:\/\/www.sestrycz.eu\/uk\/wp-json\/wp\/v2\/pages\/641\/revisions\/707"}],"wp:attachment":[{"href":"https:\/\/www.sestrycz.eu\/uk\/wp-json\/wp\/v2\/media?parent=641"}],"curies":[{"name":"wp","href":"https:\/\/api.w.org\/{rel}","templated":true}]}}